{"id":40,"date":"2020-08-07T22:00:32","date_gmt":"2020-08-07T20:00:32","guid":{"rendered":"https:\/\/blog.techcrea.fr\/?page_id=40"},"modified":"2020-08-22T21:10:38","modified_gmt":"2020-08-22T19:10:38","slug":"a-propos","status":"publish","type":"page","link":"https:\/\/blog.techcrea.fr\/?page_id=40","title":{"rendered":"A PROPOS"},"content":{"rendered":"<div id='av_section_1'  class='avia-section main_color avia-section-no-padding avia-no-border-styling av-parallax-section avia-bg-style-parallax  avia-builder-el-0  el_before_av_one_full  avia-builder-el-first  pgabout  av-minimum-height av-minimum-height-custom  container_wrap sidebar_right' style=' '  data-section-bg-repeat='no-repeat'><div class='av-parallax' data-avia-parallax-ratio='0.3' ><div class='av-parallax-inner main_color  avia-full-stretch' style = 'background-repeat: no-repeat; background-image: url(https:\/\/blog.techcrea.fr\/wp-content\/uploads\/2020\/08\/datacenter-marly-exterieur-scaled.jpg);background-attachment: scroll; background-position: bottom center; ' ><\/div><\/div><div class='container' style='height:500px'><main  role=\"main\" itemprop=\"mainContentOfPage\"  class='template-page content  av-content-small alpha units'><div class='post-entry post-entry-type-page post-entry-40'><div class='entry-content-wrapper clearfix'>\n<section class=\"av_textblock_section \"  itemscope=\"itemscope\" itemtype=\"https:\/\/schema.org\/CreativeWork\" ><div class='avia_textblock headertxt '   itemprop=\"text\" ><h1>\u00c0 PROPOS<\/h1>\n<\/div><\/section>\n<\/div><\/div><\/main><!-- close content main element --><\/div><\/div><div id='after_section_1'  class='main_color av_default_container_wrap container_wrap sidebar_right' style=' '  ><div class='container' ><div class='template-page content  av-content-small alpha units'><div class='post-entry post-entry-type-page post-entry-40'><div class='entry-content-wrapper clearfix'><div class=\"flex_column av_one_full  no_margin flex_column_div av-zero-column-padding first  avia-builder-el-2  el_after_av_section  el_before_av_codeblock  avia-builder-el-first  \" style='border-radius:0px; ' id=\"pgcorps\" ><section class=\"av_textblock_section \"  itemscope=\"itemscope\" itemtype=\"https:\/\/schema.org\/CreativeWork\" ><div class='avia_textblock txtabout '   itemprop=\"text\" ><h1>Qui sommes-nous\u00a0?<\/h1>\n<p>Techcr\u00e9a Solutions SAS est une soci\u00e9t\u00e9 fran\u00e7aise dont le si\u00e8ge social se trouve au 70 rue Jean Jaures, 59770 MARLY, France.<\/p>\n<p>RCS Valenciennes 519 909 709.<\/p>\n<p>Ce blog est h\u00e9berg\u00e9 dans notre propre Datacenter de Marly (Nord). L&rsquo;\u00e9dition et la publication des articles sont assur\u00e9es par notre \u00e9quipe communication.<\/p>\n<p>FirstHeberg.com est une marque de Techcr\u00e9a Solutions.<\/p>\n<h2>Utilisation des donn\u00e9es personnelles collect\u00e9es<\/h2>\n<h3>Commentaires<\/h3>\n<p>Quand vous laissez un commentaire sur notre site web, les donn\u00e9es inscrites dans le formulaire de commentaire, mais aussi votre adresse IP et l\u2019agent utilisateur de votre navigateur sont collect\u00e9s pour nous aider \u00e0 la d\u00e9tection des commentaires ind\u00e9sirables.<\/p>\n<p>Une cha\u00eene anonymis\u00e9e cr\u00e9\u00e9e \u00e0 partir de votre adresse de messagerie (\u00e9galement appel\u00e9e hash) peut \u00eatre envoy\u00e9e au service Gravatar pour v\u00e9rifier si vous utilisez ce dernier. Les clauses de confidentialit\u00e9 du service Gravatar sont disponibles ici\u00a0: https:\/\/automattic.com\/privacy\/. Apr\u00e8s validation de votre commentaire, votre photo de profil sera visible publiquement \u00e0 cot\u00e9 de votre commentaire.<\/p>\n<h3>M\u00e9dias<\/h3>\n<p>Si vous \u00eates un utilisateur ou une utilisatrice enregistr\u00e9\u00b7e et que vous t\u00e9l\u00e9versez des images sur le site web, nous vous conseillons d\u2019\u00e9viter de t\u00e9l\u00e9verser des images contenant des donn\u00e9es EXIF de coordonn\u00e9es GPS. Les visiteurs de votre site web peuvent t\u00e9l\u00e9charger et extraire des donn\u00e9es de localisation depuis ces images.<\/p>\n<h3>Cookies<\/h3>\n<p>Si vous d\u00e9posez un commentaire sur notre site, il vous sera propos\u00e9 d\u2019enregistrer votre nom, adresse de messagerie et site web dans des cookies. C\u2019est uniquement pour votre confort afin de ne pas avoir \u00e0 saisir ces informations si vous d\u00e9posez un autre commentaire plus tard. Ces cookies expirent au bout d\u2019un an.<\/p>\n<p>En modifiant ou en publiant une publication, un cookie suppl\u00e9mentaire sera enregistr\u00e9 dans votre navigateur. Ce cookie ne comprend aucune donn\u00e9e personnelle. Il indique simplement l\u2019ID de la publication que vous venez de modifier. Il expire au bout d\u2019un jour.<\/p>\n<h3>Contenu embarqu\u00e9 depuis d\u2019autres sites<\/h3>\n<p>Les articles de ce site peuvent inclure des contenus int\u00e9gr\u00e9s (par exemple des vid\u00e9os, images, articles\u2026). Le contenu int\u00e9gr\u00e9 depuis d\u2019autres sites se comporte de la m\u00eame mani\u00e8re que si le visiteur se rendait sur cet autre site.<\/p>\n<p>Ces sites web pourraient collecter des donn\u00e9es sur vous, utiliser des cookies, embarquer des outils de suivis tiers, suivre vos interactions avec ces contenus embarqu\u00e9s si vous disposez d\u2019un compte connect\u00e9 sur leur site web.<\/p>\n<h3>Respect de la propri\u00e9t\u00e9 intellectuelle<\/h3>\n<p>Toutes les marques, photographies, textes, commentaires, illustrations, images anim\u00e9es ou non, s\u00e9quences vid\u00e9o, sons, ainsi que toutes les applications informatiques qui pourraient \u00eatre utilis\u00e9es pour faire fonctionner le Site et plus g\u00e9n\u00e9ralement tous les \u00e9l\u00e9ments reproduits ou utilis\u00e9s sur le Site sont prot\u00e9g\u00e9s par les lois en vigueur au titre de la propri\u00e9t\u00e9 intellectuelle.<\/p>\n<p>Ils sont la propri\u00e9t\u00e9 pleine et enti\u00e8re de Techcrea Solutions SAS ou de ses partenaires, sauf mentions particuli\u00e8res. Toute reproduction, repr\u00e9sentation, utilisation ou adaptation, sous quelque forme que ce soit, de tout ou partie de ces \u00e9l\u00e9ments, y compris les applications informatiques, sans l&rsquo;accord pr\u00e9alable et \u00e9crit de Techcrea Solutions SAS, sont strictement interdites. Le fait pour Techcrea Solutions SAS de ne pas engager de proc\u00e9dure d\u00e8s la prise de connaissance de ces utilisations non autoris\u00e9es ne vaut pas acceptation desdites utilisations et renonciation aux poursuites.<\/p>\n<p>Seule l&rsquo;utilisation pour un usage priv\u00e9 dans un cercle de famille est autoris\u00e9e et toute autre utilisation est constitutive de contrefa\u00e7on et\/ou d&rsquo;atteinte aux droits voisins, sanctionn\u00e9es par Code de la propri\u00e9t\u00e9 intellectuelle.<\/p>\n<p>La reprise de tout ou partie de ce contenu n\u00e9cessite l&rsquo;autorisation pr\u00e9alable de Techcrea Solutions SAS ou du titulaire des droits sur ce contenu.<\/p>\n<h3>Statistiques et mesures d\u2019audience<\/h3>\n<p>Aux fins de statistiques et mesures d&rsquo;audience, le pr\u00e9sent blog utilise <a href=\"https:\/\/support.google.com\/analytics\/answer\/7667196\">Google Analytics ,<\/a>\u00a0service de la soci\u00e9t\u00e9 Google Inc. dont le si\u00e8ge social se situe au 1600 Amphitheatre Parkway, Mountain View, CA 94043, \u00c9tats-Unis.<\/p>\n<h2>Utilisation et transmission de vos donn\u00e9es personnelles<\/h2>\n<h3>Dur\u00e9e de stockage de vos donn\u00e9es<\/h3>\n<p>Si vous laissez un commentaire, le commentaire et ses m\u00e9tadonn\u00e9es sont conserv\u00e9s ind\u00e9finiment. Cela permet de reconna\u00eetre et approuver automatiquement les commentaires suivants au lieu de les laisser dans la file de mod\u00e9ration.<\/p>\n<h3>Les droits que vous avez sur vos donn\u00e9es<\/h3>\n<p>Conform\u00e9ment aux dispositions de la loi fran\u00e7aise n\u00b078-17 du 6 janvier 1978 relative \u00e0 l\u2019informatique, aux fichiers et aux libert\u00e9s,\u00a0les internautes disposent d\u2019un droit d\u2019acc\u00e8s, de modification, de rectification et de suppression des donn\u00e9es qui les concernent.<\/p>\n<p>Si vous avez laiss\u00e9 des commentaires sur le site, vous pouvez demander \u00e0 recevoir un fichier contenant toutes les donn\u00e9es personnelles que nous poss\u00e9dons \u00e0 votre sujet, incluant celles que vous nous avez fournies. Vous pouvez \u00e9galement demander la suppression des donn\u00e9es personnelles vous concernant. Cela ne prend pas en compte les donn\u00e9es stock\u00e9es \u00e0 des fins administratives, l\u00e9gales ou pour des raisons de s\u00e9curit\u00e9.<\/p>\n<h3>Transmission de vos donn\u00e9es personnelles<\/h3>\n<p>Les commentaires des visiteurs peuvent \u00eatre v\u00e9rifi\u00e9s \u00e0 l\u2019aide d\u2019un service automatis\u00e9 de d\u00e9tection des commentaires ind\u00e9sirables.<\/p>\n<h3>Informations de contact<\/h3>\n<p>Vous pouvez nous contacter par e-mail \u00e0 contact@techcrea.com ou par courrier postal \u00e0 l&rsquo;adresse : 70 rue Jean Jaures, 59770 MARLY.<\/p>\n<p>Vous pouvez \u00e9galement nous joindre par t\u00e9l\u00e9phone du lundi au vendredi de 9h \u00e0 18h au 0 806 110 403 (appel non surtax\u00e9, prix d&rsquo;un appel local)<\/p>\n<h3>Comment nous prot\u00e9geons vos donn\u00e9es<\/h3>\n<p>Toutes les informations que vous envoyez explicitement via le site (commentaires, formulaires, etc) sont stock\u00e9es sur nos serveurs s\u00e9curis\u00e9s au sein de notre propre Datacenter, situ\u00e9 au 70 rue Jean Jaures, 59770 MARLY.<\/p>\n<h2><\/h2>\n<\/div><\/section><\/div><\/p>\n\n","protected":false},"excerpt":{"rendered":"","protected":false},"author":1,"featured_media":0,"parent":0,"menu_order":3,"comment_status":"closed","ping_status":"closed","template":"","meta":[],"yoast_head":"<!-- This site is optimized with the Yoast SEO plugin v20.1 - https:\/\/yoast.com\/wordpress\/plugins\/seo\/ -->\n<title>A PROPOS -<\/title>\n<meta name=\"robots\" content=\"index, follow, max-snippet:-1, max-image-preview:large, max-video-preview:-1\" \/>\n<link rel=\"canonical\" href=\"https:\/\/blog.techcrea.fr\/?page_id=40\" \/>\n<meta property=\"og:locale\" content=\"fr_FR\" \/>\n<meta property=\"og:type\" content=\"article\" \/>\n<meta property=\"og:title\" content=\"A PROPOS -\" \/>\n<meta property=\"og:url\" content=\"https:\/\/blog.techcrea.fr\/?page_id=40\" \/>\n<meta property=\"article:modified_time\" content=\"2020-08-22T19:10:38+00:00\" \/>\n<meta name=\"twitter:card\" content=\"summary_large_image\" \/>\n<meta name=\"twitter:label1\" content=\"Dur\u00e9e de lecture estim\u00e9e\" \/>\n\t<meta name=\"twitter:data1\" content=\"7 minutes\" \/>\n<script type=\"application\/ld+json\" class=\"yoast-schema-graph\">{\"@context\":\"https:\/\/schema.org\",\"@graph\":[{\"@type\":\"WebPage\",\"@id\":\"https:\/\/blog.techcrea.fr\/?page_id=40\",\"url\":\"https:\/\/blog.techcrea.fr\/?page_id=40\",\"name\":\"A PROPOS -\",\"isPartOf\":{\"@id\":\"https:\/\/blog.techcrea.fr\/#website\"},\"datePublished\":\"2020-08-07T20:00:32+00:00\",\"dateModified\":\"2020-08-22T19:10:38+00:00\",\"breadcrumb\":{\"@id\":\"https:\/\/blog.techcrea.fr\/?page_id=40#breadcrumb\"},\"inLanguage\":\"fr-FR\",\"potentialAction\":[{\"@type\":\"ReadAction\",\"target\":[\"https:\/\/blog.techcrea.fr\/?page_id=40\"]}]},{\"@type\":\"BreadcrumbList\",\"@id\":\"https:\/\/blog.techcrea.fr\/?page_id=40#breadcrumb\",\"itemListElement\":[{\"@type\":\"ListItem\",\"position\":1,\"name\":\"Accueil\",\"item\":\"https:\/\/blog.techcrea.fr\/\"},{\"@type\":\"ListItem\",\"position\":2,\"name\":\"A PROPOS\"}]},{\"@type\":\"WebSite\",\"@id\":\"https:\/\/blog.techcrea.fr\/#website\",\"url\":\"https:\/\/blog.techcrea.fr\/\",\"name\":\"\",\"description\":\"Le blog Techcrea-Firstheberg\",\"potentialAction\":[{\"@type\":\"SearchAction\",\"target\":{\"@type\":\"EntryPoint\",\"urlTemplate\":\"https:\/\/blog.techcrea.fr\/?s={search_term_string}\"},\"query-input\":\"required name=search_term_string\"}],\"inLanguage\":\"fr-FR\"}]}<\/script>\n<!-- \/ Yoast SEO plugin. -->","yoast_head_json":{"title":"A PROPOS -","robots":{"index":"index","follow":"follow","max-snippet":"max-snippet:-1","max-image-preview":"max-image-preview:large","max-video-preview":"max-video-preview:-1"},"canonical":"https:\/\/blog.techcrea.fr\/?page_id=40","og_locale":"fr_FR","og_type":"article","og_title":"A PROPOS -","og_url":"https:\/\/blog.techcrea.fr\/?page_id=40","article_modified_time":"2020-08-22T19:10:38+00:00","twitter_card":"summary_large_image","twitter_misc":{"Dur\u00e9e de lecture estim\u00e9e":"7 minutes"},"schema":{"@context":"https:\/\/schema.org","@graph":[{"@type":"WebPage","@id":"https:\/\/blog.techcrea.fr\/?page_id=40","url":"https:\/\/blog.techcrea.fr\/?page_id=40","name":"A PROPOS -","isPartOf":{"@id":"https:\/\/blog.techcrea.fr\/#website"},"datePublished":"2020-08-07T20:00:32+00:00","dateModified":"2020-08-22T19:10:38+00:00","breadcrumb":{"@id":"https:\/\/blog.techcrea.fr\/?page_id=40#breadcrumb"},"inLanguage":"fr-FR","potentialAction":[{"@type":"ReadAction","target":["https:\/\/blog.techcrea.fr\/?page_id=40"]}]},{"@type":"BreadcrumbList","@id":"https:\/\/blog.techcrea.fr\/?page_id=40#breadcrumb","itemListElement":[{"@type":"ListItem","position":1,"name":"Accueil","item":"https:\/\/blog.techcrea.fr\/"},{"@type":"ListItem","position":2,"name":"A PROPOS"}]},{"@type":"WebSite","@id":"https:\/\/blog.techcrea.fr\/#website","url":"https:\/\/blog.techcrea.fr\/","name":"","description":"Le blog Techcrea-Firstheberg","potentialAction":[{"@type":"SearchAction","target":{"@type":"EntryPoint","urlTemplate":"https:\/\/blog.techcrea.fr\/?s={search_term_string}"},"query-input":"required name=search_term_string"}],"inLanguage":"fr-FR"}]}},"_links":{"self":[{"href":"https:\/\/blog.techcrea.fr\/index.php?rest_route=\/wp\/v2\/pages\/40"}],"collection":[{"href":"https:\/\/blog.techcrea.fr\/index.php?rest_route=\/wp\/v2\/pages"}],"about":[{"href":"https:\/\/blog.techcrea.fr\/index.php?rest_route=\/wp\/v2\/types\/page"}],"author":[{"embeddable":true,"href":"https:\/\/blog.techcrea.fr\/index.php?rest_route=\/wp\/v2\/users\/1"}],"replies":[{"embeddable":true,"href":"https:\/\/blog.techcrea.fr\/index.php?rest_route=%2Fwp%2Fv2%2Fcomments&post=40"}],"version-history":[{"count":34,"href":"https:\/\/blog.techcrea.fr\/index.php?rest_route=\/wp\/v2\/pages\/40\/revisions"}],"predecessor-version":[{"id":337,"href":"https:\/\/blog.techcrea.fr\/index.php?rest_route=\/wp\/v2\/pages\/40\/revisions\/337"}],"wp:attachment":[{"href":"https:\/\/blog.techcrea.fr\/index.php?rest_route=%2Fwp%2Fv2%2Fmedia&parent=40"}],"curies":[{"name":"wp","href":"https:\/\/api.w.org\/{rel}","templated":true}]}}